{"id":206454,"date":"2025-05-20T12:27:19","date_gmt":"2025-05-20T12:27:19","guid":{"rendered":"https:\/\/emdinfotech.com\/emd-loyalty-club-advanced\/"},"modified":"2025-05-20T12:27:19","modified_gmt":"2025-05-20T12:27:19","slug":"emd-loyalty-club-advanced","status":"publish","type":"page","link":"https:\/\/emdinfotech.com\/pt-br\/emd-loyalty-club-advanced\/","title":{"rendered":"EMD Loyalty Club Advanced"},"content":{"rendered":"<p>[et_pb_section fb_built=&#8221;1&#8243; admin_label=&#8221;Page Title Section&#8221; _builder_version=&#8221;3.22&#8243; use_background_color_gradient=&#8221;on&#8221; background_color_gradient_start=&#8221;#f4f4f4&#8243; background_color_gradient_end=&#8221;rgba(244,244,244,0)&#8221; background_color_gradient_direction=&#8221;90deg&#8221; background_color_gradient_start_position=&#8221;50%&#8221; background_color_gradient_end_position=&#8221;80%&#8221; background_color_gradient_overlays_image=&#8221;on&#8221; background_image=&#8221;https:\/\/emdinfotech.com\/wp-content\/uploads\/2019\/02\/emd-loyalty-club2.jpg&#8221; custom_padding=&#8221;150px||150px|&#8221;][et_pb_row _builder_version=&#8221;3.25&#8243; background_color=&#8221;#383e59&#8243; background_size=&#8221;initial&#8221; background_position=&#8221;top_left&#8221; background_repeat=&#8221;repeat&#8221; max_width=&#8221;960px&#8221; custom_margin=&#8221;||40px|0px&#8221; custom_padding=&#8221;27px|40px||10%&#8221; animation_style=&#8221;slide&#8221; animation_direction=&#8221;left&#8221; animation_intensity_slide=&#8221;2%&#8221; border_radii=&#8221;||6px|6px|&#8221; border_width_right=&#8221;30px&#8221; border_color_right=&#8221;#bdada0&#8243; box_shadow_style=&#8221;preset3&#8243; box_shadow_vertical=&#8221;35px&#8221; box_shadow_blur=&#8221;70px&#8221; box_shadow_spread=&#8221;-35px&#8221; box_shadow_color=&#8221;rgba(0,0,0,0.6)&#8221; use_custom_width=&#8221;on&#8221; custom_width_px=&#8221;960px&#8221;][et_pb_column type=&#8221;4_4&#8243; _builder_version=&#8221;3.25&#8243; custom_padding=&#8221;|||&#8221; custom_padding_tablet=&#8221;|||10%&#8221; custom_padding_last_edited=&#8221;off|desktop&#8221; custom_padding__hover=&#8221;|||&#8221;][et_pb_text admin_label=&#8221;Title&#8221; _builder_version=&#8221;3.27.4&#8243; text_font=&#8221;||||||||&#8221; header_font=&#8221;Abhaya Libre|700|||||||&#8221; header_font_size=&#8221;70px&#8221; header_line_height=&#8221;1.2em&#8221; header_4_font=&#8221;||||||||&#8221; background_layout=&#8221;dark&#8221; custom_margin=&#8221;|||&#8221; custom_padding=&#8221;|||&#8221; header_font_size_tablet=&#8221;40px&#8221; header_font_size_phone=&#8221;&#8221; header_font_size_last_edited=&#8221;on|tablet&#8221;]<\/p>\n<h1>Clube de fidelidade EMD<\/h1>\n<p>[\/et_pb_text][\/et_pb_column][\/et_pb_row][et_pb_row _builder_version=&#8221;3.25&#8243; custom_padding=&#8221;70px||70px|&#8221; column_structure=&#8221;1_2,1_2&#8243;][et_pb_column type=&#8221;1_2&#8243; _builder_version=&#8221;3.25&#8243; background_color=&#8221;#f4f4f4&#8243; custom_padding=&#8221;|||&#8221; custom_padding_tablet=&#8221;40px|40px|40px|40px&#8221; custom_padding_last_edited=&#8221;on|tablet&#8221; custom_padding__hover=&#8221;|||&#8221;][et_pb_text admin_label=&#8221;Title&#8221; _builder_version=&#8221;3.27.4&#8243; text_font=&#8221;Nunito|600|||||||&#8221; text_font_size=&#8221;15px&#8221; header_font=&#8221;||||||||&#8221; header_font_size=&#8221;80px&#8221; header_2_font=&#8221;Abhaya Libre|700|||||||&#8221; header_2_font_size=&#8221;64px&#8221; header_2_line_height=&#8221;1.2em&#8221; header_4_font=&#8221;Nunito|700||on|||||&#8221; header_4_text_color=&#8221;#bda392&#8243; header_4_letter_spacing=&#8221;2px&#8221; header_4_line_height=&#8221;1.8em&#8221; header_6_font=&#8221;Nunito|600|||||||&#8221; header_6_text_color=&#8221;#666666&#8243; header_6_font_size=&#8221;18px&#8221; header_6_line_height=&#8221;1.4em&#8221; max_width=&#8221;600px&#8221; custom_margin=&#8221;||40px|&#8221; animation_style=&#8221;slide&#8221; animation_direction=&#8221;right&#8221; animation_intensity_slide=&#8221;5%&#8221; animation_starting_opacity=&#8221;100%&#8221; header_font_size_tablet=&#8221;40px&#8221; header_font_size_phone=&#8221;&#8221; header_font_size_last_edited=&#8221;on|tablet&#8221; header_2_font_size_tablet=&#8221;40px&#8221; header_2_font_size_phone=&#8221;&#8221; header_2_font_size_last_edited=&#8221;on|tablet&#8221; locked=&#8221;off&#8221;]<\/p>\n<h4>O melhor software de clube de fidelidade<\/h4>\n<h2>Clube de associados<br \/>software<\/h2>\n<p>[\/et_pb_text][et_pb_text _builder_version=&#8221;4.9.7&#8243; text_font=&#8221;Nunito||||||||&#8221; text_font_size=&#8221;18px&#8221; text_line_height=&#8221;1.8em&#8221; header_font=&#8221;||||||||&#8221; max_width=&#8221;600px&#8221; custom_margin=&#8221;|||&#8221; custom_padding=&#8221;||10px|&#8221; animation_style=&#8221;slide&#8221; animation_direction=&#8221;right&#8221; animation_intensity_slide=&#8221;5%&#8221; animation_starting_opacity=&#8221;100%&#8221; hover_enabled=&#8221;0&#8243; locked=&#8221;off&#8221; sticky_enabled=&#8221;0&#8243;]<\/p>\n<p style=\"text-align: justify;\">A EMD desenvolveu, em condi\u00e7\u00f5es reais, uma ferramenta not\u00e1vel que pode ser usada por qualquer empresa para criar um Clube de Fidelidade confi\u00e1vel e exclusivo.<br \/>Um Clube de Fidelidade n\u00e3o pode ser um simples software que conta pontos e concede &#8220;pr\u00eamios&#8221;&#8230; deve ser um software &#8220;pensante&#8221; que possa trabalhar para o benef\u00edcio da empresa e, ao mesmo tempo, ter membros satisfeitos.<br \/>O software EMD \u00e9 f\u00e1cil de adaptar e funciona mesmo em condi\u00e7\u00f5es dif\u00edceis.<br \/>Cria n\u00edveis de administrador para maior seguran\u00e7a e categorias de associa\u00e7\u00e3o.<\/p>\n<p style=\"text-align: justify;\">A evolu\u00e7\u00e3o do software da EMD continua ap\u00f3s 14 anos de desenvolvimento e continuar\u00e1 \u00e0 medida que a tecnologia se desenvolve.<br \/>As condi\u00e7\u00f5es dif\u00edceis em que foi desenvolvido n\u00e3o deixam d\u00favidas de que o software EMD Loyalty Club \u00e9 uma ferramenta din\u00e2mica.<br \/>Atualmente, ele opera em grandes empresas de hotelaria e turismo com grande sucesso.<\/p>\n<p style=\"text-align: justify;\">O EMD Loyalty Club tamb\u00e9m \u00e9 adequado para empresas com filiais, como empresas de administra\u00e7\u00e3o de hot\u00e9is <span>ou <\/span>franquias.<br \/>Por meio da plataforma de gerenciamento, voc\u00ea pode ter uma vis\u00e3o geral completa de como todas as filiais e seus associados operam.<\/p>\n<p>[\/et_pb_text][\/et_pb_column][et_pb_column type=&#8221;1_2&#8243; _builder_version=&#8221;3.25&#8243; custom_padding=&#8221;|||&#8221; custom_padding__hover=&#8221;|||&#8221;][\/et_pb_column][\/et_pb_row][\/et_pb_section][et_pb_section fb_built=&#8221;1&#8243; admin_label=&#8221;Best Selling Books Section&#8221; _builder_version=&#8221;3.22&#8243; custom_padding=&#8221;101px||101px|&#8221; top_divider_color=&#8221;#f4f4f4&#8243;][et_pb_row _builder_version=&#8221;3.25&#8243;][et_pb_column type=&#8221;4_4&#8243; _builder_version=&#8221;3.25&#8243; custom_padding=&#8221;|||&#8221; custom_padding__hover=&#8221;|||&#8221;][et_pb_text admin_label=&#8221;Title&#8221; _builder_version=&#8221;3.27.4&#8243; text_font=&#8221;Nunito|600|||||||&#8221; text_font_size=&#8221;15px&#8221; header_font=&#8221;||||||||&#8221; header_2_font=&#8221;Abhaya Libre|700|||||||&#8221; header_2_font_size=&#8221;64px&#8221; header_2_line_height=&#8221;1.2em&#8221; header_4_font=&#8221;Nunito|700||on|||||&#8221; header_4_text_color=&#8221;#bda392&#8243; header_4_letter_spacing=&#8221;2px&#8221; header_4_line_height=&#8221;1.8em&#8221; header_6_font=&#8221;Nunito|600|||||||&#8221; header_6_text_color=&#8221;#666666&#8243; header_6_font_size=&#8221;18px&#8221; header_6_line_height=&#8221;1.4em&#8221; text_orientation=&#8221;center&#8221; custom_margin=&#8221;|||&#8221; animation_style=&#8221;fade&#8221; animation_direction=&#8221;right&#8221; animation_starting_opacity=&#8221;100%&#8221; header_font_size_tablet=&#8221;40px&#8221; header_font_size_last_edited=&#8221;off|desktop&#8221; header_2_font_size_tablet=&#8221;40px&#8221; header_2_font_size_phone=&#8221;&#8221; header_2_font_size_last_edited=&#8221;on|desktop&#8221; locked=&#8221;off&#8221;]<\/p>\n<h2>EMD Loyalty Club <br \/>o verdadeiro Best Seller<\/h2>\n<p>[\/et_pb_text][\/et_pb_column][\/et_pb_row][et_pb_row _builder_version=&#8221;3.25&#8243; locked=&#8221;off&#8221; column_structure=&#8221;1_3,1_3,1_3&#8243;][et_pb_column type=&#8221;1_3&#8243; _builder_version=&#8221;3.25&#8243; custom_padding=&#8221;|||&#8221; custom_padding__hover=&#8221;|||&#8221;][et_pb_image src=&#8221;https:\/\/emdinfotech.com\/wp-content\/uploads\/2019\/02\/emd-loyalty-club4.jpg&#8221; align_tablet=&#8221;center&#8221; align_last_edited=&#8221;on|desktop&#8221; _builder_version=&#8221;3.23&#8243; animation_style=&#8221;slide&#8221; animation_direction=&#8221;left&#8221; animation_intensity_slide=&#8221;5%&#8221; animation_starting_opacity=&#8221;100%&#8221; border_radii=&#8221;on|6px|6px|6px|6px&#8221; box_shadow_style=&#8221;preset3&#8243; box_shadow_vertical=&#8221;35px&#8221; box_shadow_blur=&#8221;50px&#8221; box_shadow_spread=&#8221;-35px&#8221; box_shadow_color=&#8221;rgba(0,0,0,0.5)&#8221;][\/et_pb_image][et_pb_text _builder_version=&#8221;3.27.4&#8243; text_font=&#8221;Nunito||||||||&#8221; text_font_size=&#8221;16px&#8221; text_line_height=&#8221;1.8em&#8221; header_font=&#8221;||||||||&#8221; header_2_font=&#8221;Roboto||||||||&#8221; header_3_font=&#8221;Roboto|300|||||||&#8221; header_3_font_size=&#8221;24px&#8221; header_3_line_height=&#8221;1.4em&#8221; header_4_font=&#8221;||||||||&#8221; text_orientation=&#8221;center&#8221; custom_margin=&#8221;||15px|&#8221; custom_padding=&#8221;10px|||&#8221; animation_style=&#8221;fade&#8221;]<\/p>\n<h3>Clube de fidelidade para grandes empresas<\/h3>\n<p><strong>O EMD Loyalty Club<\/strong> tamb\u00e9m \u00e9 adequado para empresas com filiais, como empresas de administra\u00e7\u00e3o de hot\u00e9is <span>ou <\/span>franquias.<br \/> Por meio da plataforma de gerenciamento, voc\u00ea pode ter uma vis\u00e3o geral completa de como operam todas as filiais e seus associados.<\/p>\n<p>[\/et_pb_text][\/et_pb_column][et_pb_column type=&#8221;1_3&#8243; _builder_version=&#8221;3.25&#8243; custom_padding=&#8221;|||&#8221; custom_padding__hover=&#8221;|||&#8221;][et_pb_image src=&#8221;https:\/\/emdinfotech.com\/wp-content\/uploads\/2019\/02\/emd-loyalty-club5.jpg&#8221; align_tablet=&#8221;center&#8221; align_last_edited=&#8221;on|desktop&#8221; _builder_version=&#8221;3.23&#8243; animation_style=&#8221;slide&#8221; animation_direction=&#8221;left&#8221; animation_delay=&#8221;100ms&#8221; animation_intensity_slide=&#8221;5%&#8221; animation_starting_opacity=&#8221;100%&#8221; border_radii=&#8221;on|6px|6px|6px|6px&#8221; box_shadow_style=&#8221;preset3&#8243; box_shadow_vertical=&#8221;35px&#8221; box_shadow_blur=&#8221;50px&#8221; box_shadow_spread=&#8221;-35px&#8221; box_shadow_color=&#8221;rgba(0,0,0,0.5)&#8221; locked=&#8221;off&#8221;][\/et_pb_image][et_pb_text _builder_version=&#8221;3.27.4&#8243; text_font=&#8221;Nunito||||||||&#8221; text_font_size=&#8221;16px&#8221; text_line_height=&#8221;1.8em&#8221; header_font=&#8221;||||||||&#8221; header_3_font=&#8221;Roboto|300|||||||&#8221; header_3_font_size=&#8221;24px&#8221; header_3_line_height=&#8221;1.4em&#8221; header_4_font=&#8221;||||||||&#8221; text_orientation=&#8221;center&#8221; custom_margin=&#8221;||15px|&#8221; custom_padding=&#8221;10px|||&#8221; animation_style=&#8221;fade&#8221; locked=&#8221;off&#8221;]<\/p>\n<h3>Comunica\u00e7\u00e3o direta com os membros<\/h3>\n<p>Voc\u00ea pode entrar em contato com todos os membros a qualquer momento.<br \/>\nVoc\u00ea pode entrar em contato com os membros do Clube de seu interesse selecionando o idioma, o ramo, a categoria de associa\u00e7\u00e3o, entre outros. Dessa forma, voc\u00ea pode criar a\u00e7\u00f5es e promo\u00e7\u00f5es para grupos espec\u00edficos de membros. [\/et_pb_text][\/et_pb_column][et_pb_column type=&#8221;1_3&#8243; _builder_version=&#8221;3.25&#8243; custom_padding=&#8221;|||&#8221; custom_padding__hover=&#8221;|||&#8221;][et_pb_image src=&#8221;https:\/\/emdinfotech.com\/wp-content\/uploads\/2019\/02\/emd-loyalty-club6.jpg&#8221; align_tablet=&#8221;center&#8221; align_last_edited=&#8221;on|desktop&#8221; _builder_version=&#8221;3.23&#8243; animation_style=&#8221;slide&#8221; animation_direction=&#8221;left&#8221; animation_delay=&#8221;200ms&#8221; animation_intensity_slide=&#8221;5%&#8221; animation_starting_opacity=&#8221;100%&#8221; border_radii=&#8221;on|6px|6px|6px|6px&#8221; box_shadow_style=&#8221;preset3&#8243; box_shadow_vertical=&#8221;35px&#8221; box_shadow_blur=&#8221;50px&#8221; box_shadow_spread=&#8221;-35px&#8221; box_shadow_color=&#8221;rgba(0,0,0,0.5)&#8221; locked=&#8221;off&#8221;][\/et_pb_image][et_pb_text _builder_version=&#8221;3.27.4&#8243; text_font=&#8221;Nunito||||||||&#8221; text_font_size=&#8221;16px&#8221; text_line_height=&#8221;1.8em&#8221; header_font=&#8221;||||||||&#8221; header_3_font=&#8221;Roboto|300|||||||&#8221; header_3_font_size=&#8221;24px&#8221; header_3_line_height=&#8221;1.4em&#8221; header_4_font=&#8221;||||||||&#8221; text_orientation=&#8221;center&#8221; custom_margin=&#8221;||15px|&#8221; custom_padding=&#8221;10px|||&#8221; animation_style=&#8221;fade&#8221; locked=&#8221;off&#8221;]<\/p>\n<h3>Pesquisa de membros  <\/h3>\n<p>O gerenciamento de membros \u00e9 f\u00e1cil e r\u00e1pido. O administrador pode pesquisar e encontrar o membro ou os membros que lhe interessam, pois ele tem \u00e0 sua disposi\u00e7\u00e3o uma infinidade de ferramentas que facilitam isso.   <\/p>\n<p>[\/et_pb_text][\/et_pb_column][\/et_pb_row][\/et_pb_section][et_pb_section fb_built=&#8221;1&#8243; admin_label=&#8221;Achievement Section&#8221; _builder_version=&#8221;3.22&#8243; background_image=&#8221;https:\/\/emdinfotech.com\/wp-content\/uploads\/2019\/02\/paper.jpg&#8221; custom_padding=&#8221;130px||130px|&#8221;][et_pb_row _builder_version=&#8221;3.25&#8243; custom_padding=&#8221;|||&#8221; column_structure=&#8221;1_2,1_4,1_4&#8243;][et_pb_column type=&#8221;1_2&#8243; _builder_version=&#8221;3.25&#8243; custom_padding=&#8221;|||&#8221; custom_padding__hover=&#8221;|||&#8221;][et_pb_text _builder_version=&#8221;3.27.4&#8243; text_font=&#8221;Nunito|600|||||||&#8221; text_font_size=&#8221;15px&#8221; header_font=&#8221;||||||||&#8221; header_2_font=&#8221;Roboto|700|||||||&#8221; header_2_font_size=&#8221;64px&#8221; header_2_line_height=&#8221;1.2em&#8221; header_3_font=&#8221;Roboto|500|||||||&#8221; header_4_font=&#8221;Nunito|700||on|||||&#8221; header_4_text_color=&#8221;#bda392&#8243; header_4_letter_spacing=&#8221;2px&#8221; header_4_line_height=&#8221;1.8em&#8221; header_6_font=&#8221;Nunito|600|||||||&#8221; header_6_text_color=&#8221;#666666&#8243; header_6_font_size=&#8221;18px&#8221; header_6_line_height=&#8221;1.4em&#8221; max_width=&#8221;600px&#8221; custom_margin=&#8221;|||&#8221; animation_style=&#8221;slide&#8221; animation_direction=&#8221;right&#8221; animation_intensity_slide=&#8221;5%&#8221; animation_starting_opacity=&#8221;100%&#8221; header_font_size_tablet=&#8221;40px&#8221; header_font_size_last_edited=&#8221;off|desktop&#8221; header_2_font_size_tablet=&#8221;40px&#8221; header_2_font_size_phone=&#8221;&#8221; header_2_font_size_last_edited=&#8221;on|tablet&#8221; locked=&#8221;off&#8221;]<\/p>\n<h3>Por que escolher o EMD Loyalty Club?<\/h3>\n<p>[\/et_pb_text][et_pb_text _builder_version=&#8221;3.27.4&#8243; text_font=&#8221;Nunito||||||||&#8221; text_font_size=&#8221;18px&#8221; text_line_height=&#8221;1.8em&#8221; header_font=&#8221;||||||||&#8221; max_width=&#8221;600px&#8221; custom_margin=&#8221;|||&#8221; custom_padding=&#8221;||10px|&#8221; animation_style=&#8221;slide&#8221; animation_direction=&#8221;right&#8221; animation_intensity_slide=&#8221;5%&#8221; animation_starting_opacity=&#8221;100%&#8221;]<\/p>\n<ul>\n<li>Por que \u00e9 uma ferramenta confi\u00e1vel<\/li>\n<li>Por que ele foi criado para empresas pequenas e muito grandes<\/li>\n<li>Porque ele foi criado e testado em condi\u00e7\u00f5es reais por 15 anos<\/li>\n<li>Porque ele pode ser adaptado \u00e0s necessidades de sua empresa<\/li>\n<li>Porque voc\u00ea tem a garantia e a qualidade da EMD Infotech<\/li>\n<\/ul>\n<p>Por todos os motivos acima, o fato de o EMD Loyalty Club <span>ser uma ferramenta real, testada em condi\u00e7\u00f5es reais e estar um passo \u00e0 frente de qualquer concorrente em potencial, faz com que voc\u00ea seja um s\u00e9rio candidato a obt\u00ea-lo. <\/p>\n<p> <\/span> <\/p>\n<p>[\/et_pb_text][et_pb_button button_url=&#8221;\/products\/#products&#8221; button_text=&#8221;\u0396\u03b7\u03c4\u03ae\u03c3\u03c4\u03b5 \u03bc\u03b1\u03c2 Demo \u03c3\u03ae\u03bc\u03b5\u03c1\u03b1  &#8221; _builder_version=&#8221;3.20.2&#8243;][\/et_pb_button][\/et_pb_column][et_pb_column type=&#8221;1_4&#8243; _builder_version=&#8221;3.25&#8243; custom_padding=&#8221;|||&#8221; custom_padding__hover=&#8221;|||&#8221;][et_pb_number_counter title=&#8221;Aplicativos instalados&#8221; number=&#8221;34&#8243; percent_sign=&#8221;off&#8221; _builder_version=&#8221;3.19.10&#8243; title_font=&#8221;Roboto|300||on|||||&#8221; title_text_color=&#8221;#666666&#8243; title_font_size=&#8221;16px&#8221; number_font=&#8221;Abhaya Libre|700|||||||&#8221; number_text_color=&#8221;#bca392&#8243; number_font_size=&#8221;60px&#8221; number_line_height=&#8221;100px&#8221;][\/et_pb_number_counter][et_pb_number_counter title=&#8221;total de membros da base do sistema&#8221; number=&#8221;120,000&#8243; percent_sign=&#8221;off&#8221; _builder_version=&#8221;3.19.10&#8243; title_font=&#8221;Roboto|300||on|||||&#8221; title_text_color=&#8221;#666666&#8243; title_font_size=&#8221;16px&#8221; number_font=&#8221;Abhaya Libre|700|||||||&#8221; number_text_color=&#8221;#bca392&#8243; number_font_size=&#8221;60px&#8221; number_line_height=&#8221;100px&#8221; locked=&#8221;off&#8221;][\/et_pb_number_counter][\/et_pb_column][et_pb_column type=&#8221;1_4&#8243; _builder_version=&#8221;3.25&#8243; custom_padding=&#8221;|||&#8221; custom_padding__hover=&#8221;|||&#8221;][\/et_pb_column][\/et_pb_row][\/et_pb_section][et_pb_section fb_built=&#8221;1&#8243; admin_label=&#8221;Footer Section&#8221; _builder_version=&#8221;3.22&#8243; background_color=&#8221;#22262d&#8221; custom_padding=&#8221;100px||100px|&#8221;][et_pb_row custom_padding_last_edited=&#8221;on|phone&#8221; _builder_version=&#8221;3.25&#8243; background_color=&#8221;#bcaca0&#8243; custom_margin=&#8221;-10%|||&#8221; custom_padding=&#8221;70px|3%|70px|3%&#8221; custom_padding_tablet=&#8221;&#8221; custom_padding_phone=&#8221;&#8221; border_radii=&#8221;on|10px|10px|10px|10px&#8221; box_shadow_style=&#8221;preset2&#8243; box_shadow_horizontal=&#8221;0px&#8221; box_shadow_vertical=&#8221;35px&#8221; box_shadow_blur=&#8221;65px&#8221; box_shadow_color=&#8221;rgba(188,163,146,0.1)&#8221; column_structure=&#8221;1_3,1_3,1_3&#8243;][et_pb_column type=&#8221;1_3&#8243; _builder_version=&#8221;3.25&#8243; custom_padding=&#8221;|||&#8221; custom_padding__hover=&#8221;|||&#8221;][\/et_pb_column][et_pb_column type=&#8221;1_3&#8243; _builder_version=&#8221;3.25&#8243; custom_padding=&#8221;|||&#8221; custom_padding__hover=&#8221;|||&#8221;][et_pb_blurb title=&#8221;Agendar um evento&#8221; use_icon=&#8221;on&#8221; font_icon=&#8221;%%128%%&#8221; icon_color=&#8221;#ffffff&#8221; use_circle=&#8221;on&#8221; circle_color=&#8221;rgba(189,173,160,0)&#8221; use_circle_border=&#8221;on&#8221; circle_border_color=&#8221;#ffffff&#8221; use_icon_font_size=&#8221;on&#8221; icon_font_size=&#8221;32px&#8221; admin_label=&#8221;Where To Buy&#8221; _builder_version=&#8221;3.0.106&#8243; header_font=&#8221;Abhaya Libre|700|||||||&#8221; header_text_color=&#8221;#ffffff&#8221; header_font_size=&#8221;24px&#8221; header_line_height=&#8221;1.2em&#8221; body_font=&#8221;Nunito||||||||&#8221; body_text_color=&#8221;#ffffff&#8221; body_font_size=&#8221;18px&#8221; text_orientation=&#8221;center&#8221;]<\/p>\n<p>support@emdinfotech.com<\/p>\n<p>[\/et_pb_blurb][\/et_pb_column][et_pb_column type=&#8221;1_3&#8243; _builder_version=&#8221;3.25&#8243; custom_padding=&#8221;|||&#8221; custom_padding__hover=&#8221;|||&#8221;][\/et_pb_column][\/et_pb_row][et_pb_row _builder_version=&#8221;3.25&#8243; custom_padding=&#8221;120px|0px|120px|0px&#8221;][et_pb_column type=&#8221;4_4&#8243; _builder_version=&#8221;3.25&#8243; custom_padding=&#8221;|||&#8221; custom_padding__hover=&#8221;|||&#8221;][et_pb_signup provider=&#8221;mailpoet&#8221; mailpoet_list=&#8221;add_new_account&#8221; mailpoet_account_name=&#8221;EMD SUBSCRIBERS&#8221; first_name_field=&#8221;off&#8221; last_name_field=&#8221;off&#8221; title=&#8221;Boletim informativo&#8221; description=&#8221;<\/p>\n<p>\u039a\u03ac\u03bd\u03c4\u03b5 \u03b5\u03b3\u03b3\u03c1\u03b1\u03c6\u03ae \u03c3\u03c4\u03bf \u03b5\u03bd\u03b7\u03bc\u03b5\u03c1\u03c9\u03c4\u03b9\u03ba\u03cc \u03b4\u03b5\u03bb\u03c4\u03af\u03bf \u03b3\u03b9\u03b1 \u03bd\u03b1 \u03b5\u03af\u03c3\u03c4\u03b5 \u03c0\u03ac\u03bd\u03c4\u03b1 \u03b5\u03bd\u03b7\u03bc\u03b5\u03c1\u03c9\u03bc\u03ad\u03bd\u03bf\u03b9<\/p>\n<p>&#8221; _builder_version=&#8221;4.9.7&#8243; header_font=&#8221;Abhaya Libre|700|||||||&#8221; header_font_size=&#8221;42px&#8221; header_line_height=&#8221;1.6em&#8221; body_font=&#8221;Nunito||||||||&#8221; body_font_size=&#8221;18px&#8221; body_line_height=&#8221;1.8em&#8221; use_background_color=&#8221;off&#8221; custom_button=&#8221;on&#8221; button_text_size=&#8221;14px&#8221; button_text_color=&#8221;#ffffff&#8221; button_bg_color=&#8221;#94a6bf&#8221; button_border_width=&#8221;8px&#8221; button_border_color=&#8221;#94a6bf&#8221; button_letter_spacing=&#8221;2px&#8221; button_font=&#8221;Nunito|700||on|||||&#8221; button_use_icon=&#8221;off&#8221; custom_padding=&#8221;|||&#8221; animation_style=&#8221;fade&#8221; hover_enabled=&#8221;0&#8243; button_text_size__hover_enabled=&#8221;off&#8221; button_one_text_size__hover_enabled=&#8221;off&#8221; button_two_text_size__hover_enabled=&#8221;off&#8221; button_text_color__hover_enabled=&#8221;off&#8221; button_one_text_color__hover_enabled=&#8221;off&#8221; button_two_text_color__hover_enabled=&#8221;off&#8221; button_border_width__hover_enabled=&#8221;off&#8221; button_one_border_width__hover_enabled=&#8221;off&#8221; button_two_border_width__hover_enabled=&#8221;off&#8221; button_border_color__hover_enabled=&#8221;off&#8221; button_one_border_color__hover_enabled=&#8221;off&#8221; button_two_border_color__hover_enabled=&#8221;off&#8221; button_border_radius__hover_enabled=&#8221;off&#8221; button_one_border_radius__hover_enabled=&#8221;off&#8221; button_two_border_radius__hover_enabled=&#8221;off&#8221; button_letter_spacing__hover_enabled=&#8221;off&#8221; button_one_letter_spacing__hover_enabled=&#8221;off&#8221; button_two_letter_spacing__hover_enabled=&#8221;off&#8221; button_bg_color__hover_enabled=&#8221;off&#8221; button_one_bg_color__hover_enabled=&#8221;off&#8221; button_two_bg_color__hover_enabled=&#8221;off&#8221; button_text=&#8221;\u0395\u0393\u0393\u03a1\u0391\u03a6\u0397&#8221; sticky_enabled=&#8221;0&#8243;][\/et_pb_signup][\/et_pb_column][\/et_pb_row][\/et_pb_section]<\/p>\n","protected":false},"excerpt":{"rendered":"<p>Clube de fidelidade EMDO melhor software de clube de fidelidade Clube de associadossoftwareA EMD desenvolveu, em condi\u00e7\u00f5es reais, uma ferramenta not\u00e1vel que pode ser usada por qualquer empresa para criar um Clube de Fidelidade confi\u00e1vel e exclusivo.Um Clube de Fidelidade n\u00e3o pode ser um simples software que conta pontos e concede &#8220;pr\u00eamios&#8221;&#8230; deve ser um [&hellip;]<\/p>\n","protected":false},"author":1,"featured_media":0,"parent":0,"menu_order":0,"comment_status":"closed","ping_status":"closed","template":"","meta":{"_et_pb_use_builder":"on","_et_pb_old_content":"","_et_gb_content_width":"","footnotes":""},"class_list":["post-206454","page","type-page","status-publish","hentry"],"_links":{"self":[{"href":"https:\/\/emdinfotech.com\/pt-br\/wp-json\/wp\/v2\/pages\/206454","targetHints":{"allow":["GET"]}}],"collection":[{"href":"https:\/\/emdinfotech.com\/pt-br\/wp-json\/wp\/v2\/pages"}],"about":[{"href":"https:\/\/emdinfotech.com\/pt-br\/wp-json\/wp\/v2\/types\/page"}],"author":[{"embeddable":true,"href":"https:\/\/emdinfotech.com\/pt-br\/wp-json\/wp\/v2\/users\/1"}],"replies":[{"embeddable":true,"href":"https:\/\/emdinfotech.com\/pt-br\/wp-json\/wp\/v2\/comments?post=206454"}],"version-history":[{"count":0,"href":"https:\/\/emdinfotech.com\/pt-br\/wp-json\/wp\/v2\/pages\/206454\/revisions"}],"wp:attachment":[{"href":"https:\/\/emdinfotech.com\/pt-br\/wp-json\/wp\/v2\/media?parent=206454"}],"curies":[{"name":"wp","href":"https:\/\/api.w.org\/{rel}","templated":true}]}}