{"id":206429,"date":"2025-05-20T12:26:09","date_gmt":"2025-05-20T12:26:09","guid":{"rendered":"https:\/\/emdinfotech.com\/404-2\/"},"modified":"2025-05-20T12:26:09","modified_gmt":"2025-05-20T12:26:09","slug":"404-2","status":"publish","type":"page","link":"https:\/\/emdinfotech.com\/pt-br\/404-2\/","title":{"rendered":"404"},"content":{"rendered":"<p>[et_pb_section fb_built=&#8221;1&#8243; admin_label=&#8221;Page Title Section&#8221; _builder_version=&#8221;3.22.3&#8243; use_background_color_gradient=&#8221;on&#8221; background_color_gradient_start=&#8221;#6b73ff&#8221; background_color_gradient_end=&#8221;#000dff&#8221; background_color_gradient_direction=&#8221;120deg&#8221; background_image=&#8221;https:\/\/emdinfotech.com\/wp-content\/uploads\/2019\/06\/section-bg-hero4-3.png&#8221; box_shadow_style=&#8221;preset7&#8243; box_shadow_horizontal=&#8221;0px&#8221; box_shadow_vertical=&#8221;-220px&#8221; box_shadow_color=&#8221;#ffffff&#8221; custom_padding=&#8221;100px||60px|&#8221;][et_pb_row admin_label=&#8221;Page Title Area&#8221; _builder_version=&#8221;3.25&#8243; background_size=&#8221;initial&#8221; background_position=&#8221;top_left&#8221; background_repeat=&#8221;repeat&#8221; animation_style=&#8221;fade&#8221;][et_pb_column type=&#8221;4_4&#8243; _builder_version=&#8221;3.25&#8243; custom_padding=&#8221;|||&#8221; custom_padding__hover=&#8221;|||&#8221;][et_pb_text admin_label=&#8221;Title&#8221; _builder_version=&#8221;3.0.95&#8243; text_font=&#8221;Poppins||||||||&#8221; text_font_size=&#8221;18px&#8221; text_line_height=&#8221;1.8em&#8221; header_font=&#8221;Poppins|600|||||||&#8221; header_font_size=&#8221;48px&#8221; header_line_height=&#8221;1.4em&#8221; header_2_font=&#8221;||||||||&#8221; text_orientation=&#8221;center&#8221; background_layout=&#8221;dark&#8221; max_width=&#8221;700px&#8221; module_alignment=&#8221;center&#8221; custom_margin=&#8221;|||&#8221; animation_style=&#8221;fade&#8221;]<\/p>\n<h1>404<\/h1>\n<p>E ainda assim essas coisas acontecem!<\/p>\n<p>[\/et_pb_text][\/et_pb_column][\/et_pb_row][et_pb_row custom_padding=&#8221;0px||0px|&#8221; custom_margin=&#8221;30px|||&#8221; make_equal=&#8221;on&#8221; admin_label=&#8221;Pricing Area&#8221; _builder_version=&#8221;3.25&#8243; background_color=&#8221;#ffffff&#8221; border_radii=&#8221;on|3px|3px|3px|3px&#8221; box_shadow_style=&#8221;preset2&#8243; box_shadow_horizontal=&#8221;0px&#8221; box_shadow_vertical=&#8221;10px&#8221; box_shadow_blur=&#8221;55px&#8221; box_shadow_color=&#8221;rgba(0,0,0,0.07)&#8221; animation_style=&#8221;slide&#8221; animation_direction=&#8221;top&#8221; animation_intensity_slide=&#8221;3%&#8221; animation_starting_opacity=&#8221;100%&#8221;][et_pb_column type=&#8221;4_4&#8243; _builder_version=&#8221;3.25&#8243; custom_padding=&#8221;60px|40px|60px|40px&#8221; custom_padding__hover=&#8221;|||&#8221;][et_pb_text _builder_version=&#8221;3.25.2&#8243;]<\/p>\n<h5 style=\"text-align: center;\"><strong>A p\u00e1gina ainda n\u00e3o est\u00e1 pronta.  <\/p>\n<p>Visite-nos novamente em alguns dias!<\/strong><\/h5>\n<p>[\/et_pb_text][\/et_pb_column][\/et_pb_row][\/et_pb_section]<\/p>\n","protected":false},"excerpt":{"rendered":"<p>404 E ainda assim essas coisas acontecem!A p\u00e1gina ainda n\u00e3o est\u00e1 pronta. Visite-nos novamente em alguns dias!<\/p>\n","protected":false},"author":1,"featured_media":0,"parent":0,"menu_order":0,"comment_status":"closed","ping_status":"closed","template":"","meta":{"_et_pb_use_builder":"on","_et_pb_old_content":"","_et_gb_content_width":"","footnotes":""},"class_list":["post-206429","page","type-page","status-publish","hentry"],"_links":{"self":[{"href":"https:\/\/emdinfotech.com\/pt-br\/wp-json\/wp\/v2\/pages\/206429","targetHints":{"allow":["GET"]}}],"collection":[{"href":"https:\/\/emdinfotech.com\/pt-br\/wp-json\/wp\/v2\/pages"}],"about":[{"href":"https:\/\/emdinfotech.com\/pt-br\/wp-json\/wp\/v2\/types\/page"}],"author":[{"embeddable":true,"href":"https:\/\/emdinfotech.com\/pt-br\/wp-json\/wp\/v2\/users\/1"}],"replies":[{"embeddable":true,"href":"https:\/\/emdinfotech.com\/pt-br\/wp-json\/wp\/v2\/comments?post=206429"}],"version-history":[{"count":0,"href":"https:\/\/emdinfotech.com\/pt-br\/wp-json\/wp\/v2\/pages\/206429\/revisions"}],"wp:attachment":[{"href":"https:\/\/emdinfotech.com\/pt-br\/wp-json\/wp\/v2\/media?parent=206429"}],"curies":[{"name":"wp","href":"https:\/\/api.w.org\/{rel}","templated":true}]}}